{"id":60388,"date":"2022-01-12T19:47:24","date_gmt":"2022-01-12T19:47:24","guid":{"rendered":"https:\/\/cycland.fr\/en\/bike-repair-ile-de-re\/"},"modified":"2023-07-25T08:32:49","modified_gmt":"2023-07-25T08:32:49","slug":"bike-repair-ile-de-re","status":"publish","type":"page","link":"https:\/\/cycland.fr\/en\/bike-repair-ile-de-re\/","title":{"rendered":"REPAIR"},"content":{"rendered":"<div id='av_section_1'  class='avia-section av-2g5z2yc-d5288b1a506704bbd5ccfe3c2a65e0bd main_color avia-section-default avia-no-border-styling  avia-builder-el-0  el_before_av_one_full  avia-builder-el-first  avia-bg-style-scroll container_wrap sidebar_right'  ><div class='container av-section-cont-open' ><main  role=\"main\" itemprop=\"mainContentOfPage\"  class='template-page content  av-content-small alpha units'><div class='post-entry post-entry-type-page post-entry-60388'><div class='entry-content-wrapper clearfix'>\n<div class='flex_column_table av-22og34k-7ed93625b6a8ac7dda388b36c01e292f sc-av_one_half av-equal-height-column-flextable'>\n<style type=\"text\/css\" data-created_by=\"avia_inline_auto\" id=\"style-css-av-22og34k-7ed93625b6a8ac7dda388b36c01e292f\">\n.flex_column.av-22og34k-7ed93625b6a8ac7dda388b36c01e292f{\nwidth:49.5%;\nmargin-left:0;\nborder-radius:5px 5px 5px 5px;\npadding:30px 30px 30px 30px;\nbackground-color:#f4f4f4;\n}\n#top .flex_column_table.av-equal-height-column-flextable.av-22og34k-7ed93625b6a8ac7dda388b36c01e292f .av-flex-placeholder{\nwidth:1%;\n}\n<\/style>\n<div  class='flex_column av-22og34k-7ed93625b6a8ac7dda388b36c01e292f av_one_half  avia-builder-el-1  el_before_av_one_half  avia-builder-el-first  first flex_column_table_cell av-equal-height-column av-align-middle avia-full-stretch  '     ><p>\n<style type=\"text\/css\" data-created_by=\"avia_inline_auto\" id=\"style-css-av-kz6w5p14-01cf74c900d54f7af8f321e306abb6f6\">\n#top .av-special-heading.av-kz6w5p14-01cf74c900d54f7af8f321e306abb6f6{\npadding-bottom:10px;\nfont-size:5vw;\n}\nbody .av-special-heading.av-kz6w5p14-01cf74c900d54f7af8f321e306abb6f6 .av-special-heading-tag .heading-char{\nfont-size:25px;\n}\n#top #wrap_all .av-special-heading.av-kz6w5p14-01cf74c900d54f7af8f321e306abb6f6 .av-special-heading-tag{\nfont-size:5vw;\n}\n.av-special-heading.av-kz6w5p14-01cf74c900d54f7af8f321e306abb6f6 .av-subheading{\nfont-size:15px;\n}\n\n@media only screen and (min-width: 480px) and (max-width: 767px){ \n#top #wrap_all .av-special-heading.av-kz6w5p14-01cf74c900d54f7af8f321e306abb6f6 .av-special-heading-tag{\nfont-size:0.8em;\n}\n}\n\n@media only screen and (max-width: 479px){ \n#top #wrap_all .av-special-heading.av-kz6w5p14-01cf74c900d54f7af8f321e306abb6f6 .av-special-heading-tag{\nfont-size:0.8em;\n}\n}\n<\/style>\n<div  class='av-special-heading av-kz6w5p14-01cf74c900d54f7af8f321e306abb6f6 av-special-heading-h1 blockquote modern-quote  avia-builder-el-2  el_before_av_hr  avia-builder-el-first  av-inherit-size'><h1 class='av-special-heading-tag '  itemprop=\"headline\"  >REPAIR<\/h1><div class=\"special-heading-border\"><div class=\"special-heading-inner-border\"><\/div><\/div><\/div><br \/>\n<div  class='hr av-shqu0k-818435a601514102ddff2ad551773dc9 hr-default  avia-builder-el-3  el_after_av_heading  el_before_av_textblock '><span class='hr-inner '><span class=\"hr-inner-style\"><\/span><\/span><\/div><br \/>\n<section  class='av_textblock_section av-kz6wofyl-a56d2c5644426eeffae17f9365875161 '   itemscope=\"itemscope\" itemtype=\"https:\/\/schema.org\/CreativeWork\" ><div class='avia_textblock'  itemprop=\"text\" ><blockquote>\n<p>A small revision, some doubt regarding the brakes, tyres that seem a bit worn out&#8230; there is always an immediate solution to your problem, and our repair staff work fast!<\/p>\n<\/blockquote>\n<p>Cycland agencies put their workshops and their professionalism at your disposal to repair your bike.<\/p>\n<p>The Cycland workshops in La Couarde, La Flotte, La Noue, Le Bois-Plage, Saint-Martin, Ars-en-R\u00e9, Saint-Cl\u00e9ment-des-Baleines and Les Portes-en-R\u00e9 are open during shop opening hours, so ask for advice and come to see us!<\/p>\n<\/div><\/section><br \/>\n<div  class='hr av-16n361g-b0dfee7e71a39dc051467cd8265d6473 hr-default  avia-builder-el-5  el_after_av_textblock  el_before_av_button '><span class='hr-inner '><span class=\"hr-inner-style\"><\/span><\/span><\/div><br \/>\n<div  class='avia-button-wrap av-kz6wosbx-95f0184c8712f1dd6fd15ee46d74e926-wrap avia-button-left  avia-builder-el-6  el_after_av_hr  avia-builder-el-last '><a href='https:\/\/cycland.fr\/en\/fr\/rental\/'  class='avia-button av-kz6wosbx-95f0184c8712f1dd6fd15ee46d74e926 av-link-btn avia-icon_select-yes-left-icon avia-size-large avia-position-left av-icon-on-hover avia-color-theme-color-highlight'   aria-label=\"Make an appointment\u2028\"><span class='avia_button_icon avia_button_icon_left avia-iconfont avia-font-entypo-fontello' data-av_icon='\ue844' data-av_iconfont='entypo-fontello' ><\/span><span class='avia_iconbox_title' >Make an appointment\u2028<\/span><\/a><\/div><\/p><\/div><div class='av-flex-placeholder'><\/div>\n<style type=\"text\/css\" data-created_by=\"avia_inline_auto\" id=\"style-css-av-kz6wbjeu-22d0a0b001ef3ebd49b013f6a077d5d8\">\n.flex_column.av-kz6wbjeu-22d0a0b001ef3ebd49b013f6a077d5d8{\nwidth:49.5%;\nmargin-left:0;\nbackground:url(https:\/\/cycland.fr\/en\/wp-content\/uploads\/2022\/02\/reparation-de-velo-ile-de-re.jpg) 50% 50% no-repeat scroll ;\n}\n#top .flex_column_table.av-equal-height-column-flextable.av-kz6wbjeu-22d0a0b001ef3ebd49b013f6a077d5d8 .av-flex-placeholder{\nwidth:1%;\n}\n<\/style>\n<div  class='flex_column av-kz6wbjeu-22d0a0b001ef3ebd49b013f6a077d5d8 av_one_half  avia-builder-el-7  el_after_av_one_half  avia-builder-el-last  flex_column_table_cell av-equal-height-column av-align-middle avia-full-stretch  '     ><style type=\"text\/css\" data-created_by=\"avia_inline_auto\" id=\"style-css-av-1jbmcpg-a1a937308ff9862731cd34beaf6fb3d4\">\n#top .hr.hr-invisible.av-1jbmcpg-a1a937308ff9862731cd34beaf6fb3d4{\nheight:200px;\n}\n<\/style>\n<div  class='hr av-1jbmcpg-a1a937308ff9862731cd34beaf6fb3d4 hr-invisible  avia-builder-el-8  avia-builder-el-no-sibling '><span class='hr-inner '><span class=\"hr-inner-style\"><\/span><\/span><\/div><\/div><\/div><!--close column table wrapper. Autoclose: 1 --><\/div><\/div><\/main><!-- close content main element --><\/div><\/div><div id='after_section_1'  class='main_color av_default_container_wrap container_wrap sidebar_right'  ><div class='container av-section-cont-open' ><div class='template-page content  av-content-small alpha units'><div class='post-entry post-entry-type-page post-entry-60388'><div class='entry-content-wrapper clearfix'><div  class='flex_column av-v8xnec-ddaa1f3175815a43d246f09ad6a3a857 av_one_full  avia-builder-el-9  el_after_av_section  avia-builder-el-no-sibling  first flex_column_div  '     ><div id='av-masonry-1' class='av-masonry av-kz6wsxyn-c64cb9510eb3df7a2e3f1093bbf4fefa noHover av-fixed-size av-large-gap av-hover-overlay-active av-masonry-animation-active av-masonry-col-3 av-caption-always av-caption-style- av-masonry-gallery ' data-post_id=\"60388\"><div class=\"av-masonry-container isotope av-js-disabled\"><div class='av-masonry-entry isotope-item av-masonry-item-no-image '><\/div><a href=\"https:\/\/cycland.fr\/en\/wp-content\/uploads\/2022\/02\/Ve\u0301lo-Cycland-treckking-1030x685.jpg\" data-srcset=\"https:\/\/cycland.fr\/en\/wp-content\/uploads\/2022\/02\/Ve\u0301lo-Cycland-treckking-1030x685.jpg 1030w, https:\/\/cycland.fr\/en\/wp-content\/uploads\/2022\/02\/Ve\u0301lo-Cycland-treckking-300x200.jpg 300w, https:\/\/cycland.fr\/en\/wp-content\/uploads\/2022\/02\/Ve\u0301lo-Cycland-treckking-768x511.jpg 768w, https:\/\/cycland.fr\/en\/wp-content\/uploads\/2022\/02\/Ve\u0301lo-Cycland-treckking-1536x1022.jpg 1536w, https:\/\/cycland.fr\/en\/wp-content\/uploads\/2022\/02\/Ve\u0301lo-Cycland-treckking-1500x998.jpg 1500w, https:\/\/cycland.fr\/en\/wp-content\/uploads\/2022\/02\/Ve\u0301lo-Cycland-treckking-705x469.jpg 705w, https:\/\/cycland.fr\/en\/wp-content\/uploads\/2022\/02\/Ve\u0301lo-Cycland-treckking.jpg 1900w\" data-sizes=\"(max-width: 1030px) 100vw, 1030px\"  aria-label=\"image Ve\u0301lo Cycland treckking\"  id='av-masonry-1-item-59617' data-av-masonry-item='59617' class='av-masonry-entry isotope-item post-59617 attachment type-attachment status-inherit hentry  av-masonry-item-with-image' title=\"Ve\u0301lo Cycland treckking\" alt=\"\"    itemprop=\"thumbnailUrl\" ><div class='av-inner-masonry-sizer'><\/div><figure class='av-inner-masonry main_color'><div class=\"av-masonry-outerimage-container\"><div class='av-masonry-image-container' style=\"background-image: url(https:\/\/cycland.fr\/en\/wp-content\/uploads\/2022\/02\/Ve\u0301lo-Cycland-treckking-705x469.jpg);\"  title=\"Ve\u0301lo Cycland treckking\" ><\/div><\/div><\/figure><\/a><!--end av-masonry entry--><a href=\"https:\/\/cycland.fr\/en\/wp-content\/uploads\/2022\/02\/Ve\u0301lo-e\u0301lectrique-Cycland-1030x685.jpg\" data-srcset=\"https:\/\/cycland.fr\/en\/wp-content\/uploads\/2022\/02\/Ve\u0301lo-e\u0301lectrique-Cycland-1030x685.jpg 1030w, https:\/\/cycland.fr\/en\/wp-content\/uploads\/2022\/02\/Ve\u0301lo-e\u0301lectrique-Cycland-300x200.jpg 300w, https:\/\/cycland.fr\/en\/wp-content\/uploads\/2022\/02\/Ve\u0301lo-e\u0301lectrique-Cycland-768x511.jpg 768w, https:\/\/cycland.fr\/en\/wp-content\/uploads\/2022\/02\/Ve\u0301lo-e\u0301lectrique-Cycland-1536x1022.jpg 1536w, https:\/\/cycland.fr\/en\/wp-content\/uploads\/2022\/02\/Ve\u0301lo-e\u0301lectrique-Cycland-1500x998.jpg 1500w, https:\/\/cycland.fr\/en\/wp-content\/uploads\/2022\/02\/Ve\u0301lo-e\u0301lectrique-Cycland-705x469.jpg 705w, https:\/\/cycland.fr\/en\/wp-content\/uploads\/2022\/02\/Ve\u0301lo-e\u0301lectrique-Cycland.jpg 1900w\" data-sizes=\"(max-width: 1030px) 100vw, 1030px\"  aria-label=\"image Ve\u0301lo e\u0301lectrique Cycland\"  id='av-masonry-1-item-59619' data-av-masonry-item='59619' class='av-masonry-entry isotope-item post-59619 attachment type-attachment status-inherit hentry  av-masonry-item-with-image' title=\"Ve\u0301lo e\u0301lectrique Cycland\" alt=\"\"    itemprop=\"thumbnailUrl\" ><div class='av-inner-masonry-sizer'><\/div><figure class='av-inner-masonry main_color'><div class=\"av-masonry-outerimage-container\"><div class='av-masonry-image-container' style=\"background-image: url(https:\/\/cycland.fr\/en\/wp-content\/uploads\/2022\/02\/Ve\u0301lo-e\u0301lectrique-Cycland-705x469.jpg);\"  title=\"Ve\u0301lo e\u0301lectrique Cycland\" ><\/div><\/div><\/figure><\/a><!--end av-masonry entry--><a href=\"https:\/\/cycland.fr\/en\/wp-content\/uploads\/2022\/03\/velo-cycland-batavux-1030x686.webp\" data-srcset=\"https:\/\/cycland.fr\/en\/wp-content\/uploads\/2022\/03\/velo-cycland-batavux-1030x686.webp 1030w, https:\/\/cycland.fr\/en\/wp-content\/uploads\/2022\/03\/velo-cycland-batavux-300x200.webp 300w, https:\/\/cycland.fr\/en\/wp-content\/uploads\/2022\/03\/velo-cycland-batavux-768x512.webp 768w, https:\/\/cycland.fr\/en\/wp-content\/uploads\/2022\/03\/velo-cycland-batavux-705x470.webp 705w, https:\/\/cycland.fr\/en\/wp-content\/uploads\/2022\/03\/velo-cycland-batavux.webp 1280w\" data-sizes=\"(max-width: 1030px) 100vw, 1030px\"  aria-label=\"image velo cycland batavux\"  id='av-masonry-1-item-59650' data-av-masonry-item='59650' class='av-masonry-entry isotope-item post-59650 attachment type-attachment status-inherit hentry  av-masonry-item-with-image' title=\"velo cycland batavux\" alt=\"\"    itemprop=\"thumbnailUrl\" ><div class='av-inner-masonry-sizer'><\/div><figure class='av-inner-masonry main_color'><div class=\"av-masonry-outerimage-container\"><div class='av-masonry-image-container' style=\"background-image: url(https:\/\/cycland.fr\/en\/wp-content\/uploads\/2022\/03\/velo-cycland-batavux-705x470.webp);\"  title=\"velo cycland batavux\" ><\/div><\/div><\/figure><\/a><!--end av-masonry entry--><a href=\"https:\/\/cycland.fr\/en\/wp-content\/uploads\/2022\/03\/le-phare-des-baleine-a-velo-1030x686.webp\" data-srcset=\"https:\/\/cycland.fr\/en\/wp-content\/uploads\/2022\/03\/le-phare-des-baleine-a-velo-1030x686.webp 1030w, https:\/\/cycland.fr\/en\/wp-content\/uploads\/2022\/03\/le-phare-des-baleine-a-velo-300x200.webp 300w, https:\/\/cycland.fr\/en\/wp-content\/uploads\/2022\/03\/le-phare-des-baleine-a-velo-768x512.webp 768w, https:\/\/cycland.fr\/en\/wp-content\/uploads\/2022\/03\/le-phare-des-baleine-a-velo-705x470.webp 705w, https:\/\/cycland.fr\/en\/wp-content\/uploads\/2022\/03\/le-phare-des-baleine-a-velo.webp 1280w\" data-sizes=\"(max-width: 1030px) 100vw, 1030px\"  aria-label=\"image le phare des baleine a velo\"  id='av-masonry-1-item-59649' data-av-masonry-item='59649' class='av-masonry-entry isotope-item post-59649 attachment type-attachment status-inherit hentry  av-masonry-item-with-image' title=\"le phare des baleine a velo\" alt=\"\"    itemprop=\"thumbnailUrl\" ><div class='av-inner-masonry-sizer'><\/div><figure class='av-inner-masonry main_color'><div class=\"av-masonry-outerimage-container\"><div class='av-masonry-image-container' style=\"background-image: url(https:\/\/cycland.fr\/en\/wp-content\/uploads\/2022\/03\/le-phare-des-baleine-a-velo-705x470.webp);\"  title=\"le phare des baleine a velo\" ><\/div><\/div><\/figure><\/a><!--end av-masonry entry--><a href=\"https:\/\/cycland.fr\/en\/wp-content\/uploads\/2022\/03\/velo-plage-ile-de-re-1030x686.webp\" data-srcset=\"https:\/\/cycland.fr\/en\/wp-content\/uploads\/2022\/03\/velo-plage-ile-de-re-1030x686.webp 1030w, https:\/\/cycland.fr\/en\/wp-content\/uploads\/2022\/03\/velo-plage-ile-de-re-300x200.webp 300w, https:\/\/cycland.fr\/en\/wp-content\/uploads\/2022\/03\/velo-plage-ile-de-re-768x512.webp 768w, https:\/\/cycland.fr\/en\/wp-content\/uploads\/2022\/03\/velo-plage-ile-de-re-705x470.webp 705w, https:\/\/cycland.fr\/en\/wp-content\/uploads\/2022\/03\/velo-plage-ile-de-re.webp 1280w\" data-sizes=\"(max-width: 1030px) 100vw, 1030px\"  aria-label=\"image velo plage ile de re\"  id='av-masonry-1-item-59655' data-av-masonry-item='59655' class='av-masonry-entry isotope-item post-59655 attachment type-attachment status-inherit hentry  av-masonry-item-with-image' title=\"velo plage ile de re\" alt=\"\"    itemprop=\"thumbnailUrl\" ><div class='av-inner-masonry-sizer'><\/div><figure class='av-inner-masonry main_color'><div class=\"av-masonry-outerimage-container\"><div class='av-masonry-image-container' style=\"background-image: url(https:\/\/cycland.fr\/en\/wp-content\/uploads\/2022\/03\/velo-plage-ile-de-re-705x470.webp);\"  title=\"velo plage ile de re\" ><\/div><\/div><\/figure><\/a><!--end av-masonry entry--><a href=\"https:\/\/cycland.fr\/en\/wp-content\/uploads\/2022\/03\/velo-en-couple-ile-de-re-1030x686.webp\" data-srcset=\"https:\/\/cycland.fr\/en\/wp-content\/uploads\/2022\/03\/velo-en-couple-ile-de-re-1030x686.webp 1030w, https:\/\/cycland.fr\/en\/wp-content\/uploads\/2022\/03\/velo-en-couple-ile-de-re-300x200.webp 300w, https:\/\/cycland.fr\/en\/wp-content\/uploads\/2022\/03\/velo-en-couple-ile-de-re-768x512.webp 768w, https:\/\/cycland.fr\/en\/wp-content\/uploads\/2022\/03\/velo-en-couple-ile-de-re-705x470.webp 705w, https:\/\/cycland.fr\/en\/wp-content\/uploads\/2022\/03\/velo-en-couple-ile-de-re.webp 1280w\" data-sizes=\"(max-width: 1030px) 100vw, 1030px\"  aria-label=\"image velo en couple ile de re\"  id='av-masonry-1-item-59653' data-av-masonry-item='59653' class='av-masonry-entry isotope-item post-59653 attachment type-attachment status-inherit hentry  av-masonry-item-with-image' title=\"velo en couple ile de re\" alt=\"\"    itemprop=\"thumbnailUrl\" ><div class='av-inner-masonry-sizer'><\/div><figure class='av-inner-masonry main_color'><div class=\"av-masonry-outerimage-container\"><div class='av-masonry-image-container' style=\"background-image: url(https:\/\/cycland.fr\/en\/wp-content\/uploads\/2022\/03\/velo-en-couple-ile-de-re-705x470.webp);\"  title=\"velo en couple ile de re\" ><\/div><\/div><\/figure><\/a><!--end av-masonry entry--><\/div><\/div><\/div><\/p>\n","protected":false},"excerpt":{"rendered":"","protected":false},"author":1,"featured_media":59615,"parent":0,"menu_order":0,"comment_status":"closed","ping_status":"closed","template":"","meta":{"footnotes":""},"class_list":["post-60388","page","type-page","status-publish","has-post-thumbnail","hentry"],"yoast_head":"<!-- This site is optimized with the Yoast SEO plugin v27.0 - https:\/\/yoast.com\/product\/yoast-seo-wordpress\/ -->\n<title>Bike repair | R\u00e9 Island | Cycland<\/title>\n<meta name=\"description\" content=\"Cycland puts its workshops at your disposal and offers you a free repair service for your bikes, on the whole R\u00e9 Island.\" \/>\n<meta name=\"robots\" content=\"index, follow, max-snippet:-1, max-image-preview:large, max-video-preview:-1\" \/>\n<link rel=\"canonical\" href=\"https:\/\/cycland.fr\/en\/en\/bike-repair-ile-de-re\/\" \/>\n<meta property=\"og:locale\" content=\"en_US\" \/>\n<meta property=\"og:type\" content=\"article\" \/>\n<meta property=\"og:title\" content=\"Bike repair | R\u00e9 Island | Cycland\" \/>\n<meta property=\"og:description\" content=\"Cycland puts its workshops at your disposal and offers you a free repair service for your bikes, on the whole R\u00e9 Island.\" \/>\n<meta property=\"og:url\" content=\"https:\/\/cycland.fr\/en\/en\/bike-repair-ile-de-re\/\" \/>\n<meta property=\"og:site_name\" content=\"CYCLAND english version\" \/>\n<meta property=\"article:modified_time\" content=\"2023-07-25T08:32:49+00:00\" \/>\n<meta property=\"og:image\" content=\"https:\/\/cycland.fr\/en\/wp-content\/uploads\/2022\/02\/Re\u0301paration-de-ve\u0301los-a\u0300-li\u0302le-de-Re\u0301.jpg\" \/>\n\t<meta property=\"og:image:width\" content=\"1264\" \/>\n\t<meta property=\"og:image:height\" content=\"1900\" \/>\n\t<meta property=\"og:image:type\" content=\"image\/jpeg\" \/>\n<meta name=\"twitter:card\" content=\"summary_large_image\" \/>\n<script type=\"application\/ld+json\" class=\"yoast-schema-graph\">{\"@context\":\"https:\/\/schema.org\",\"@graph\":[{\"@type\":\"WebPage\",\"@id\":\"https:\/\/cycland.fr\/en\/en\/bike-repair-ile-de-re\/\",\"url\":\"https:\/\/cycland.fr\/en\/en\/bike-repair-ile-de-re\/\",\"name\":\"Bike repair | R\u00e9 Island | Cycland\",\"isPartOf\":{\"@id\":\"https:\/\/cycland.fr\/en\/#website\"},\"primaryImageOfPage\":{\"@id\":\"https:\/\/cycland.fr\/en\/en\/bike-repair-ile-de-re\/#primaryimage\"},\"image\":{\"@id\":\"https:\/\/cycland.fr\/en\/en\/bike-repair-ile-de-re\/#primaryimage\"},\"thumbnailUrl\":\"https:\/\/cycland.fr\/en\/wp-content\/uploads\/2022\/02\/Re\u0301paration-de-ve\u0301los-a\u0300-li\u0302le-de-Re\u0301.jpg\",\"datePublished\":\"2022-01-12T19:47:24+00:00\",\"dateModified\":\"2023-07-25T08:32:49+00:00\",\"description\":\"Cycland puts its workshops at your disposal and offers you a free repair service for your bikes, on the whole R\u00e9 Island.\",\"breadcrumb\":{\"@id\":\"https:\/\/cycland.fr\/en\/en\/bike-repair-ile-de-re\/#breadcrumb\"},\"inLanguage\":\"en-US\",\"potentialAction\":[{\"@type\":\"ReadAction\",\"target\":[\"https:\/\/cycland.fr\/en\/en\/bike-repair-ile-de-re\/\"]}]},{\"@type\":\"ImageObject\",\"inLanguage\":\"en-US\",\"@id\":\"https:\/\/cycland.fr\/en\/en\/bike-repair-ile-de-re\/#primaryimage\",\"url\":\"https:\/\/cycland.fr\/en\/wp-content\/uploads\/2022\/02\/Re\u0301paration-de-ve\u0301los-a\u0300-li\u0302le-de-Re\u0301.jpg\",\"contentUrl\":\"https:\/\/cycland.fr\/en\/wp-content\/uploads\/2022\/02\/Re\u0301paration-de-ve\u0301los-a\u0300-li\u0302le-de-Re\u0301.jpg\",\"width\":1264,\"height\":1900},{\"@type\":\"BreadcrumbList\",\"@id\":\"https:\/\/cycland.fr\/en\/en\/bike-repair-ile-de-re\/#breadcrumb\",\"itemListElement\":[{\"@type\":\"ListItem\",\"position\":1,\"name\":\"Home\",\"item\":\"https:\/\/cycland.fr\/en\/home\/\"},{\"@type\":\"ListItem\",\"position\":2,\"name\":\"REPAIR\"}]},{\"@type\":\"WebSite\",\"@id\":\"https:\/\/cycland.fr\/en\/#website\",\"url\":\"https:\/\/cycland.fr\/en\/\",\"name\":\"CYCLAND english version\",\"description\":\"Cycland, bicycle rental specialist on Ile de R\u00e9\",\"publisher\":{\"@id\":\"https:\/\/cycland.fr\/en\/#organization\"},\"potentialAction\":[{\"@type\":\"SearchAction\",\"target\":{\"@type\":\"EntryPoint\",\"urlTemplate\":\"https:\/\/cycland.fr\/en\/?s={search_term_string}\"},\"query-input\":{\"@type\":\"PropertyValueSpecification\",\"valueRequired\":true,\"valueName\":\"search_term_string\"}}],\"inLanguage\":\"en-US\"},{\"@type\":\"Organization\",\"@id\":\"https:\/\/cycland.fr\/en\/#organization\",\"name\":\"CYCLAND\",\"url\":\"https:\/\/cycland.fr\/en\/\",\"logo\":{\"@type\":\"ImageObject\",\"inLanguage\":\"en-US\",\"@id\":\"https:\/\/cycland.fr\/en\/#\/schema\/logo\/image\/\",\"url\":\"https:\/\/cycland.fr\/en\/wp-content\/uploads\/2022\/01\/logo-cycland-site_.png\",\"contentUrl\":\"https:\/\/cycland.fr\/en\/wp-content\/uploads\/2022\/01\/logo-cycland-site_.png\",\"width\":900,\"height\":300,\"caption\":\"CYCLAND\"},\"image\":{\"@id\":\"https:\/\/cycland.fr\/en\/#\/schema\/logo\/image\/\"}}]}<\/script>\n<!-- \/ Yoast SEO plugin. -->","yoast_head_json":{"title":"Bike repair | R\u00e9 Island | Cycland","description":"Cycland puts its workshops at your disposal and offers you a free repair service for your bikes, on the whole R\u00e9 Island.","robots":{"index":"index","follow":"follow","max-snippet":"max-snippet:-1","max-image-preview":"max-image-preview:large","max-video-preview":"max-video-preview:-1"},"canonical":"https:\/\/cycland.fr\/en\/en\/bike-repair-ile-de-re\/","og_locale":"en_US","og_type":"article","og_title":"Bike repair | R\u00e9 Island | Cycland","og_description":"Cycland puts its workshops at your disposal and offers you a free repair service for your bikes, on the whole R\u00e9 Island.","og_url":"https:\/\/cycland.fr\/en\/en\/bike-repair-ile-de-re\/","og_site_name":"CYCLAND english version","article_modified_time":"2023-07-25T08:32:49+00:00","og_image":[{"width":1264,"height":1900,"url":"https:\/\/cycland.fr\/en\/wp-content\/uploads\/2022\/02\/Re\u0301paration-de-ve\u0301los-a\u0300-li\u0302le-de-Re\u0301.jpg","type":"image\/jpeg"}],"twitter_card":"summary_large_image","schema":{"@context":"https:\/\/schema.org","@graph":[{"@type":"WebPage","@id":"https:\/\/cycland.fr\/en\/en\/bike-repair-ile-de-re\/","url":"https:\/\/cycland.fr\/en\/en\/bike-repair-ile-de-re\/","name":"Bike repair | R\u00e9 Island | Cycland","isPartOf":{"@id":"https:\/\/cycland.fr\/en\/#website"},"primaryImageOfPage":{"@id":"https:\/\/cycland.fr\/en\/en\/bike-repair-ile-de-re\/#primaryimage"},"image":{"@id":"https:\/\/cycland.fr\/en\/en\/bike-repair-ile-de-re\/#primaryimage"},"thumbnailUrl":"https:\/\/cycland.fr\/en\/wp-content\/uploads\/2022\/02\/Re\u0301paration-de-ve\u0301los-a\u0300-li\u0302le-de-Re\u0301.jpg","datePublished":"2022-01-12T19:47:24+00:00","dateModified":"2023-07-25T08:32:49+00:00","description":"Cycland puts its workshops at your disposal and offers you a free repair service for your bikes, on the whole R\u00e9 Island.","breadcrumb":{"@id":"https:\/\/cycland.fr\/en\/en\/bike-repair-ile-de-re\/#breadcrumb"},"inLanguage":"en-US","potentialAction":[{"@type":"ReadAction","target":["https:\/\/cycland.fr\/en\/en\/bike-repair-ile-de-re\/"]}]},{"@type":"ImageObject","inLanguage":"en-US","@id":"https:\/\/cycland.fr\/en\/en\/bike-repair-ile-de-re\/#primaryimage","url":"https:\/\/cycland.fr\/en\/wp-content\/uploads\/2022\/02\/Re\u0301paration-de-ve\u0301los-a\u0300-li\u0302le-de-Re\u0301.jpg","contentUrl":"https:\/\/cycland.fr\/en\/wp-content\/uploads\/2022\/02\/Re\u0301paration-de-ve\u0301los-a\u0300-li\u0302le-de-Re\u0301.jpg","width":1264,"height":1900},{"@type":"BreadcrumbList","@id":"https:\/\/cycland.fr\/en\/en\/bike-repair-ile-de-re\/#breadcrumb","itemListElement":[{"@type":"ListItem","position":1,"name":"Home","item":"https:\/\/cycland.fr\/en\/home\/"},{"@type":"ListItem","position":2,"name":"REPAIR"}]},{"@type":"WebSite","@id":"https:\/\/cycland.fr\/en\/#website","url":"https:\/\/cycland.fr\/en\/","name":"CYCLAND english version","description":"Cycland, bicycle rental specialist on Ile de R\u00e9","publisher":{"@id":"https:\/\/cycland.fr\/en\/#organization"},"potentialAction":[{"@type":"SearchAction","target":{"@type":"EntryPoint","urlTemplate":"https:\/\/cycland.fr\/en\/?s={search_term_string}"},"query-input":{"@type":"PropertyValueSpecification","valueRequired":true,"valueName":"search_term_string"}}],"inLanguage":"en-US"},{"@type":"Organization","@id":"https:\/\/cycland.fr\/en\/#organization","name":"CYCLAND","url":"https:\/\/cycland.fr\/en\/","logo":{"@type":"ImageObject","inLanguage":"en-US","@id":"https:\/\/cycland.fr\/en\/#\/schema\/logo\/image\/","url":"https:\/\/cycland.fr\/en\/wp-content\/uploads\/2022\/01\/logo-cycland-site_.png","contentUrl":"https:\/\/cycland.fr\/en\/wp-content\/uploads\/2022\/01\/logo-cycland-site_.png","width":900,"height":300,"caption":"CYCLAND"},"image":{"@id":"https:\/\/cycland.fr\/en\/#\/schema\/logo\/image\/"}}]}},"_links":{"self":[{"href":"https:\/\/cycland.fr\/en\/wp-json\/wp\/v2\/pages\/60388","targetHints":{"allow":["GET"]}}],"collection":[{"href":"https:\/\/cycland.fr\/en\/wp-json\/wp\/v2\/pages"}],"about":[{"href":"https:\/\/cycland.fr\/en\/wp-json\/wp\/v2\/types\/page"}],"author":[{"embeddable":true,"href":"https:\/\/cycland.fr\/en\/wp-json\/wp\/v2\/users\/1"}],"replies":[{"embeddable":true,"href":"https:\/\/cycland.fr\/en\/wp-json\/wp\/v2\/comments?post=60388"}],"version-history":[{"count":1,"href":"https:\/\/cycland.fr\/en\/wp-json\/wp\/v2\/pages\/60388\/revisions"}],"predecessor-version":[{"id":60389,"href":"https:\/\/cycland.fr\/en\/wp-json\/wp\/v2\/pages\/60388\/revisions\/60389"}],"wp:featuredmedia":[{"embeddable":true,"href":"https:\/\/cycland.fr\/en\/wp-json\/wp\/v2\/media\/59615"}],"wp:attachment":[{"href":"https:\/\/cycland.fr\/en\/wp-json\/wp\/v2\/media?parent=60388"}],"curies":[{"name":"wp","href":"https:\/\/api.w.org\/{rel}","templated":true}]}}