{"id":60205,"date":"2022-01-07T10:28:31","date_gmt":"2022-01-07T10:28:31","guid":{"rendered":"https:\/\/cycland.fr\/en\/assistance-bike\/"},"modified":"2023-07-24T09:36:32","modified_gmt":"2023-07-24T09:36:32","slug":"reparatur","status":"publish","type":"page","link":"https:\/\/cycland.fr\/en\/de\/reparatur\/","title":{"rendered":"REPARATUR"},"content":{"rendered":"<div id='av_section_1'  class='avia-section av-2r52bwy-1e887261fc7e293ccee5982eab3a2abc main_color avia-section-large avia-no-border-styling  avia-builder-el-0  el_before_av_heading  avia-builder-el-first  avia-bg-style-scroll container_wrap sidebar_right'  ><div class='container av-section-cont-open' ><main  role=\"main\" itemprop=\"mainContentOfPage\"  class='template-page content  av-content-small alpha units'><div class='post-entry post-entry-type-page post-entry-60205'><div class='entry-content-wrapper clearfix'>\n<div class='flex_column_table av-1y8ncaa-9382b67e26b519c9211d3c88d895154b sc-av_one_half av-equal-height-column-flextable'>\n<style type=\"text\/css\" data-created_by=\"avia_inline_auto\" id=\"style-css-av-1y8ncaa-9382b67e26b519c9211d3c88d895154b\">\n.flex_column.av-1y8ncaa-9382b67e26b519c9211d3c88d895154b{\nwidth:49.5%;\nmargin-left:0;\nborder-radius:5px 5px 5px 5px;\npadding:30px 30px 30px 30px;\nbackground-color:#f4f4f4;\n}\n#top .flex_column_table.av-equal-height-column-flextable.av-1y8ncaa-9382b67e26b519c9211d3c88d895154b .av-flex-placeholder{\nwidth:1%;\n}\n<\/style>\n<div  class='flex_column av-1y8ncaa-9382b67e26b519c9211d3c88d895154b av_one_half  avia-builder-el-1  el_before_av_one_half  avia-builder-el-first  first flex_column_table_cell av-equal-height-column av-align-middle avia-full-stretch  '     ><p>\n<style type=\"text\/css\" data-created_by=\"avia_inline_auto\" id=\"style-css-av-4cy70z6-eb43a6dab70a695b802976e098e05609\">\n#top .av-special-heading.av-4cy70z6-eb43a6dab70a695b802976e098e05609{\npadding-bottom:10px;\nfont-size:5vw;\n}\nbody .av-special-heading.av-4cy70z6-eb43a6dab70a695b802976e098e05609 .av-special-heading-tag .heading-char{\nfont-size:25px;\n}\n#top #wrap_all .av-special-heading.av-4cy70z6-eb43a6dab70a695b802976e098e05609 .av-special-heading-tag{\nfont-size:5vw;\n}\n.av-special-heading.av-4cy70z6-eb43a6dab70a695b802976e098e05609 .av-subheading{\nfont-size:15px;\n}\n\n@media only screen and (min-width: 480px) and (max-width: 767px){ \n#top #wrap_all .av-special-heading.av-4cy70z6-eb43a6dab70a695b802976e098e05609 .av-special-heading-tag{\nfont-size:0.8em;\n}\n}\n\n@media only screen and (max-width: 479px){ \n#top #wrap_all .av-special-heading.av-4cy70z6-eb43a6dab70a695b802976e098e05609 .av-special-heading-tag{\nfont-size:0.8em;\n}\n}\n<\/style>\n<div  class='av-special-heading av-4cy70z6-eb43a6dab70a695b802976e098e05609 av-special-heading-h1 custom-color-heading blockquote modern-quote  avia-builder-el-2  el_before_av_hr  avia-builder-el-first  av-inherit-size'><h1 class='av-special-heading-tag '  itemprop=\"headline\"  >Unterst\u00fctzung<\/h1><div class=\"special-heading-border\"><div class=\"special-heading-inner-border\"><\/div><\/div><\/div><br \/>\n<div  class='hr av-31n5f6-33dfbeb4851718a988be3411225307ee hr-default  avia-builder-el-3  el_after_av_heading  el_before_av_textblock '><span class='hr-inner '><span class=\"hr-inner-style\"><\/span><\/span><\/div><br \/>\n<section  class='av_textblock_section av-kynyn9xs-8c0a909df552e0aef6fd1b18717c7d18 '   itemscope=\"itemscope\" itemtype=\"https:\/\/schema.org\/CreativeWork\" ><div class='avia_textblock'  itemprop=\"text\" ><blockquote>\n<p><strong>Cycland bietet kostenlose Fahrradhilfe<\/strong><\/p>\n<\/blockquote>\n<p>Cycland ist auf der ganzen Insel vertreten und bietet Ihnen eine gro\u00dfe Auswahl an Fahrr\u00e4dern, die im Falle eines Problems in einer seiner 9 Verleihstellen repariert werden.<\/p>\n<p>Wenden Sie sich f\u00fcr weitere Informationen an das n\u00e4chstgelegene Gesch\u00e4ft.<\/p>\n<\/div><\/section><br \/>\n\n<style type=\"text\/css\" data-created_by=\"avia_inline_auto\" id=\"style-css-av-kyqxz279-c1d11cb0c7543eac126acdd7d4d8d8d7\">\n#top .av_textblock_section.av-kyqxz279-c1d11cb0c7543eac126acdd7d4d8d8d7 .avia_textblock{\nfont-size:40px;\ncolor:#e46736;\n}\n<\/style>\n<section  class='av_textblock_section av-kyqxz279-c1d11cb0c7543eac126acdd7d4d8d8d7 '   itemscope=\"itemscope\" itemtype=\"https:\/\/schema.org\/CreativeWork\" ><div class='avia_textblock av_inherit_color'  itemprop=\"text\" ><p><strong>Wenden Sie sich in Notf\u00e4llen an Ihr Gesch\u00e4ft<\/strong><\/p>\n<\/div><\/section><\/p><\/div><div class='av-flex-placeholder'><\/div>\n<style type=\"text\/css\" data-created_by=\"avia_inline_auto\" id=\"style-css-av-4w7euq-b10886c3230abbca9b6e595f0159e7ce\">\n.flex_column.av-4w7euq-b10886c3230abbca9b6e595f0159e7ce{\nwidth:49.5%;\nmargin-left:0;\nbackground:url(https:\/\/cycland.fr\/en\/wp-content\/uploads\/2022\/02\/Re\u0301paration-de-ve\u0301los-a\u0300-li\u0302le-de-Re\u0301.jpg) 50% 50% no-repeat scroll ;\n}\n#top .flex_column_table.av-equal-height-column-flextable.av-4w7euq-b10886c3230abbca9b6e595f0159e7ce .av-flex-placeholder{\nwidth:1%;\n}\n<\/style>\n<div  class='flex_column av-4w7euq-b10886c3230abbca9b6e595f0159e7ce av_one_half  avia-builder-el-6  el_after_av_one_half  avia-builder-el-last  flex_column_table_cell av-equal-height-column av-align-middle avia-full-stretch  '     ><style type=\"text\/css\" data-created_by=\"avia_inline_auto\" id=\"style-css-av-1snpjma-6e9130d1aa85bc767bd473d79bebb694\">\n#top .hr.hr-invisible.av-1snpjma-6e9130d1aa85bc767bd473d79bebb694{\nheight:200px;\n}\n<\/style>\n<div  class='hr av-1snpjma-6e9130d1aa85bc767bd473d79bebb694 hr-invisible  avia-builder-el-7  avia-builder-el-no-sibling '><span class='hr-inner '><span class=\"hr-inner-style\"><\/span><\/span><\/div><\/div><\/div><!--close column table wrapper. Autoclose: 1 --><\/div><\/div><\/main><!-- close content main element --><\/div><\/div><div id='after_section_1'  class='main_color av_default_container_wrap container_wrap sidebar_right'  ><div class='container av-section-cont-open' ><div class='template-page content  av-content-small alpha units'><div class='post-entry post-entry-type-page post-entry-60205'><div class='entry-content-wrapper clearfix'>\n<style type=\"text\/css\" data-created_by=\"avia_inline_auto\" id=\"style-css-av-kynymrk7-7e3be84a55a56b87bd2aa98fe037181d\">\n#top .av-special-heading.av-kynymrk7-7e3be84a55a56b87bd2aa98fe037181d{\npadding-bottom:10px;\ncolor:#77abae;\n}\nbody .av-special-heading.av-kynymrk7-7e3be84a55a56b87bd2aa98fe037181d .av-special-heading-tag .heading-char{\nfont-size:25px;\n}\n.av-special-heading.av-kynymrk7-7e3be84a55a56b87bd2aa98fe037181d .special-heading-inner-border{\nborder-color:#77abae;\n}\n.av-special-heading.av-kynymrk7-7e3be84a55a56b87bd2aa98fe037181d .av-subheading{\nfont-size:15px;\ncolor:#e46736;\n}\n<\/style>\n<div  class='av-special-heading av-kynymrk7-7e3be84a55a56b87bd2aa98fe037181d av-special-heading-h2 custom-color-heading blockquote modern-quote modern-centered  avia-builder-el-8  el_after_av_section  el_before_av_toggle_container  avia-builder-el-first '><div class='av_custom_color av-subheading av-subheading_above'><p>Wenn ein Problem auftritt<\/p>\n<\/div><h2 class='av-special-heading-tag '  itemprop=\"headline\"  >UNSERE RATSCHL\u00c4GE<\/h2><div class=\"special-heading-border\"><div class=\"special-heading-inner-border\"><\/div><\/div><\/div><\/p>\n<div  class='togglecontainer av-e0htte-58ab4b76cb977240400b9997ad61b83f av-minimal-toggle  avia-builder-el-9  el_after_av_heading  avia-builder-el-last  toggle_close_all'  itemscope=\"itemscope\" itemtype=\"https:\/\/schema.org\/FAQPage\" >\n<section class='av_toggle_section av-31pkgmq-d0bbc0c81ab6b3d4e399dcb65c81220d'  itemscope=\"itemscope\" itemprop=\"mainEntity\" itemtype=\"https:\/\/schema.org\/Question\" ><div role=\"tablist\" class=\"single_toggle\" data-tags=\"{Alle} \"  ><p id='toggle-toggle-id-1' data-fake-id='#toggle-id-1' class='toggler  av-title-above '  itemprop=\"name\"  role='tab' tabindex='0' aria-controls='toggle-id-1' data-slide-speed=\"200\" data-title=\"Was sollte ich tun, wenn mein Fahrrad eine Reifenpanne hat?\u2028\" data-title-open=\"\" data-aria_collapsed=\"Click to expand: Was sollte ich tun, wenn mein Fahrrad eine Reifenpanne hat?\u2028\" data-aria_expanded=\"Click to collapse: Was sollte ich tun, wenn mein Fahrrad eine Reifenpanne hat?\u2028\">Was sollte ich tun, wenn mein Fahrrad eine Reifenpanne hat?\u2028<span class=\"toggle_icon\"><span class=\"vert_icon\"><\/span><span class=\"hor_icon\"><\/span><\/span><\/p><div id='toggle-id-1' aria-labelledby='toggle-toggle-id-1' role='region' class='toggle_wrap  av-title-above'   itemscope=\"itemscope\" itemprop=\"acceptedAnswer\" itemtype=\"https:\/\/schema.org\/Answer\" ><div class='toggle_content invers-color '  itemprop=\"text\" ><p>Auf der Insel R\u00e9 sind Sie nie weit von einer Cycland-Werkstatt entfernt, wo Sie Ihr Fahrrad reparieren lassen k\u00f6nnen.<\/p>\n<p>Sie k\u00f6nnen die n\u00e4chstgelegene Werkstatt auch telefonisch erreichen. Alle Kontaktnummern finden Sie auf der R\u00fcckseite des Mietvertrags.<\/p>\n<\/div><\/div><\/div><\/section>\n<section class='av_toggle_section av-kz5im6wx-fde883f74fc43a9b1959d9e8d0990313'  itemscope=\"itemscope\" itemprop=\"mainEntity\" itemtype=\"https:\/\/schema.org\/Question\" ><div role=\"tablist\" class=\"single_toggle\" data-tags=\"{Alle} \"  ><p id='toggle-toggle-id-2' data-fake-id='#toggle-id-2' class='toggler  av-title-above '  itemprop=\"name\"  role='tab' tabindex='0' aria-controls='toggle-id-2' data-slide-speed=\"200\" data-title=\"Was passiert, wenn mein Elektrofahrrad kaputt geht?\u2028\" data-title-open=\"\" data-aria_collapsed=\"Click to expand: Was passiert, wenn mein Elektrofahrrad kaputt geht?\u2028\" data-aria_expanded=\"Click to collapse: Was passiert, wenn mein Elektrofahrrad kaputt geht?\u2028\">Was passiert, wenn mein Elektrofahrrad kaputt geht?\u2028<span class=\"toggle_icon\"><span class=\"vert_icon\"><\/span><span class=\"hor_icon\"><\/span><\/span><\/p><div id='toggle-id-2' aria-labelledby='toggle-toggle-id-2' role='region' class='toggle_wrap  av-title-above'   itemscope=\"itemscope\" itemprop=\"acceptedAnswer\" itemtype=\"https:\/\/schema.org\/Answer\" ><div class='toggle_content invers-color '  itemprop=\"text\" ><p>Auf der Insel R\u00e9 sind Sie nie weit von einer Cycland-Werkstatt entfernt, in der Sie Ihr Fahrrad reparieren lassen k\u00f6nnen.<\/p>\n<p>Sie k\u00f6nnen auch die Werkstatt anrufen, die Ihrem Pannenort am n\u00e4chsten liegt.<\/p>\n<p>Alle Nummern finden Sie auf der R\u00fcckseite des Mietvertrags.<\/p>\n<\/div><\/div><\/div><\/section>\n<section class='av_toggle_section av-2kozkb6-f0706fdaba6de47ffe4dbf272f55f99d'  itemscope=\"itemscope\" itemprop=\"mainEntity\" itemtype=\"https:\/\/schema.org\/Question\" ><div role=\"tablist\" class=\"single_toggle\" data-tags=\"{Alle} \"  ><p id='toggle-toggle-id-3' data-fake-id='#toggle-id-3' class='toggler  av-title-above '  itemprop=\"name\"  role='tab' tabindex='0' aria-controls='toggle-id-3' data-slide-speed=\"200\" data-title=\"Was soll ich im Falle eines Unfalls tun?\" data-title-open=\"\" data-aria_collapsed=\"Click to expand: Was soll ich im Falle eines Unfalls tun?\" data-aria_expanded=\"Click to collapse: Was soll ich im Falle eines Unfalls tun?\">Was soll ich im Falle eines Unfalls tun?<span class=\"toggle_icon\"><span class=\"vert_icon\"><\/span><span class=\"hor_icon\"><\/span><\/span><\/p><div id='toggle-id-3' aria-labelledby='toggle-toggle-id-3' role='region' class='toggle_wrap  av-title-above'   itemscope=\"itemscope\" itemprop=\"acceptedAnswer\" itemtype=\"https:\/\/schema.org\/Answer\" ><div class='toggle_content invers-color '  itemprop=\"text\" ><p>1- Sch\u00fctzen Sie die Unfallstelle,<br \/>\n2- Decken Sie das Opfer zu, damit ihm nicht kalt wird,<br \/>\n3- Rufen Sie um Hilfe:<\/p>\n<p><strong>112: Notrufnummer f\u00fcr alle Mobiltelefone\u2028<\/strong><br \/>\n<strong>18: Feuerwehr\u2028<\/strong><br \/>\n<strong>15: Ambulanz (SAMU)<\/strong><\/p>\n<p>4 &#8211; Geben Sie den Gesundheitszustand des Opfers und den Ort des Unfalls an, indem Sie alle 200 m Markierungen auf dem Boden anbringen. Z.B.: LB1810 (Buchstaben = die Stadt, in der Sie sich befinden, und Zahlen = der Ort)<br \/>\n5 &#8211; Stehen Sie dem Rettungsteam f\u00fcr weitere Informationen zur Verf\u00fcgung.<\/p>\n<\/div><\/div><\/div><\/section>\n<section class='av_toggle_section av-3l2ihde-214a9d61f3a235628386f5cf36e777a9'  itemscope=\"itemscope\" itemprop=\"mainEntity\" itemtype=\"https:\/\/schema.org\/Question\" ><div role=\"tablist\" class=\"single_toggle\" data-tags=\"{Alle} \"  ><p id='toggle-toggle-id-4' data-fake-id='#toggle-id-4' class='toggler  av-title-above '  itemprop=\"name\"  role='tab' tabindex='0' aria-controls='toggle-id-4' data-slide-speed=\"200\" data-title=\"Gibt es eine Notrufnummer f\u00fcr den Fall, dass ein Problem auftritt?\" data-title-open=\"\" data-aria_collapsed=\"Click to expand: Gibt es eine Notrufnummer f\u00fcr den Fall, dass ein Problem auftritt?\" data-aria_expanded=\"Click to collapse: Gibt es eine Notrufnummer f\u00fcr den Fall, dass ein Problem auftritt?\">Gibt es eine Notrufnummer f\u00fcr den Fall, dass ein Problem auftritt?<span class=\"toggle_icon\"><span class=\"vert_icon\"><\/span><span class=\"hor_icon\"><\/span><\/span><\/p><div id='toggle-id-4' aria-labelledby='toggle-toggle-id-4' role='region' class='toggle_wrap  av-title-above'   itemscope=\"itemscope\" itemprop=\"acceptedAnswer\" itemtype=\"https:\/\/schema.org\/Answer\" ><div class='toggle_content invers-color '  itemprop=\"text\" ><p id=\"tw-target-text\" class=\"tw-data-text tw-text-large tw-ta\" dir=\"ltr\" data-placeholder=\"Traduction\">In Notf\u00e4llen wenden Sie sich an Ihr Gesch\u00e4ft.<\/p>\n<\/div><\/div><\/div><\/section>\n<section class='av_toggle_section av-224ss36-24c9090208b96abdaec296b1d50e6f38'  itemscope=\"itemscope\" itemprop=\"mainEntity\" itemtype=\"https:\/\/schema.org\/Question\" ><div role=\"tablist\" class=\"single_toggle\" data-tags=\"{Alle} \"  ><p id='toggle-toggle-id-5' data-fake-id='#toggle-id-5' class='toggler  av-title-above '  itemprop=\"name\"  role='tab' tabindex='0' aria-controls='toggle-id-5' data-slide-speed=\"200\" data-title=\"Was soll ich tun, wenn mein Leihfahrrad gestohlen wird?\" data-title-open=\"\" data-aria_collapsed=\"Click to expand: Was soll ich tun, wenn mein Leihfahrrad gestohlen wird?\" data-aria_expanded=\"Click to collapse: Was soll ich tun, wenn mein Leihfahrrad gestohlen wird?\">Was soll ich tun, wenn mein Leihfahrrad gestohlen wird?<span class=\"toggle_icon\"><span class=\"vert_icon\"><\/span><span class=\"hor_icon\"><\/span><\/span><\/p><div id='toggle-id-5' aria-labelledby='toggle-toggle-id-5' role='region' class='toggle_wrap  av-title-above'   itemscope=\"itemscope\" itemprop=\"acceptedAnswer\" itemtype=\"https:\/\/schema.org\/Answer\" ><div class='toggle_content invers-color '  itemprop=\"text\" ><p>Ich werde bei der Polizei Anzeige erstatten und meinen Vermieter informieren, um die Situation so schnell wie m\u00f6glich zu kl\u00e4ren.<\/p>\n<\/div><\/div><\/div><\/section>\n<section class='av_toggle_section av-kz5inhjc-f37d9a3a09a8f6be2d081fc70a10c9b0'  itemscope=\"itemscope\" itemprop=\"mainEntity\" itemtype=\"https:\/\/schema.org\/Question\" ><div role=\"tablist\" class=\"single_toggle\" data-tags=\"{Alle} \"  ><p id='toggle-toggle-id-6' data-fake-id='#toggle-id-6' class='toggler  av-title-above '  itemprop=\"name\"  role='tab' tabindex='0' aria-controls='toggle-id-6' data-slide-speed=\"200\" data-title=\"Was passiert, wenn mein Fahrrad w\u00e4hrend des Mietzeitraums besch\u00e4digt wird?\u2028\" data-title-open=\"\" data-aria_collapsed=\"Click to expand: Was passiert, wenn mein Fahrrad w\u00e4hrend des Mietzeitraums besch\u00e4digt wird?\u2028\" data-aria_expanded=\"Click to collapse: Was passiert, wenn mein Fahrrad w\u00e4hrend des Mietzeitraums besch\u00e4digt wird?\u2028\">Was passiert, wenn mein Fahrrad w\u00e4hrend des Mietzeitraums besch\u00e4digt wird?\u2028<span class=\"toggle_icon\"><span class=\"vert_icon\"><\/span><span class=\"hor_icon\"><\/span><\/span><\/p><div id='toggle-id-6' aria-labelledby='toggle-toggle-id-6' role='region' class='toggle_wrap  av-title-above'   itemscope=\"itemscope\" itemprop=\"acceptedAnswer\" itemtype=\"https:\/\/schema.org\/Answer\" ><div class='toggle_content invers-color '  itemprop=\"text\" ><p>Sch\u00e4den am Fahrzeug gehen zu Lasten des Mieters.<br \/>\n&#8211; Der Mieter ist f\u00fcr die regelm\u00e4\u00dfige Wartung des Fahrrads verantwortlich.<\/p>\n<\/div><\/div><\/div><\/section>\n<\/div>\n","protected":false},"excerpt":{"rendered":"","protected":false},"author":1,"featured_media":60097,"parent":0,"menu_order":0,"comment_status":"closed","ping_status":"closed","template":"","meta":{"footnotes":""},"class_list":["post-60205","page","type-page","status-publish","has-post-thumbnail","hentry"],"yoast_head":"<!-- This site is optimized with the Yoast SEO plugin v27.0 - https:\/\/yoast.com\/product\/yoast-seo-wordpress\/ -->\n<title>Fahrradreparatur | Insel R\u00e9 | Cycland<\/title>\n<meta name=\"description\" content=\"Cycland ist auf der gesamten Insel R\u00e9 vertreten und bietet Ihnen einen kostenlosen Reparaturservice f\u00fcr Ihre Fahrr\u00e4der in einer seiner 9 Verleihstellen.\" \/>\n<meta name=\"robots\" content=\"index, follow, max-snippet:-1, max-image-preview:large, max-video-preview:-1\" \/>\n<link rel=\"canonical\" href=\"https:\/\/cycland.fr\/en\/de\/reparatur\/\" \/>\n<meta property=\"og:locale\" content=\"de_DE\" \/>\n<meta property=\"og:type\" content=\"article\" \/>\n<meta property=\"og:title\" content=\"Fahrradreparatur | Insel R\u00e9 | Cycland\" \/>\n<meta property=\"og:description\" content=\"Cycland ist auf der gesamten Insel R\u00e9 vertreten und bietet Ihnen einen kostenlosen Reparaturservice f\u00fcr Ihre Fahrr\u00e4der in einer seiner 9 Verleihstellen.\" \/>\n<meta property=\"og:url\" content=\"https:\/\/cycland.fr\/en\/de\/reparatur\/\" \/>\n<meta property=\"og:site_name\" content=\"CYCLAND english version\" \/>\n<meta property=\"article:modified_time\" content=\"2023-07-24T09:36:32+00:00\" \/>\n<meta property=\"og:image\" content=\"https:\/\/cycland.fr\/en\/wp-content\/uploads\/2022\/02\/reparation-de-velo-ile-de-re.jpg\" \/>\n\t<meta property=\"og:image:width\" content=\"1920\" \/>\n\t<meta property=\"og:image:height\" content=\"1080\" \/>\n\t<meta property=\"og:image:type\" content=\"image\/jpeg\" \/>\n<meta name=\"twitter:card\" content=\"summary_large_image\" \/>\n<meta name=\"twitter:label1\" content=\"Gesch\u00e4tzte Lesezeit\" \/>\n\t<meta name=\"twitter:data1\" content=\"4\u00a0Minuten\" \/>\n<script type=\"application\/ld+json\" class=\"yoast-schema-graph\">{\"@context\":\"https:\/\/schema.org\",\"@graph\":[{\"@type\":\"WebPage\",\"@id\":\"https:\/\/cycland.fr\/en\/de\/reparatur\/\",\"url\":\"https:\/\/cycland.fr\/en\/de\/reparatur\/\",\"name\":\"Fahrradreparatur | Insel R\u00e9 | Cycland\",\"isPartOf\":{\"@id\":\"https:\/\/cycland.fr\/en\/#website\"},\"primaryImageOfPage\":{\"@id\":\"https:\/\/cycland.fr\/en\/de\/reparatur\/#primaryimage\"},\"image\":{\"@id\":\"https:\/\/cycland.fr\/en\/de\/reparatur\/#primaryimage\"},\"thumbnailUrl\":\"https:\/\/cycland.fr\/en\/wp-content\/uploads\/2022\/02\/reparation-de-velo-ile-de-re.jpg\",\"datePublished\":\"2022-01-07T10:28:31+00:00\",\"dateModified\":\"2023-07-24T09:36:32+00:00\",\"description\":\"Cycland ist auf der gesamten Insel R\u00e9 vertreten und bietet Ihnen einen kostenlosen Reparaturservice f\u00fcr Ihre Fahrr\u00e4der in einer seiner 9 Verleihstellen.\",\"breadcrumb\":{\"@id\":\"https:\/\/cycland.fr\/en\/de\/reparatur\/#breadcrumb\"},\"inLanguage\":\"de\",\"potentialAction\":[{\"@type\":\"ReadAction\",\"target\":[\"https:\/\/cycland.fr\/en\/de\/reparatur\/\"]}]},{\"@type\":\"ImageObject\",\"inLanguage\":\"de\",\"@id\":\"https:\/\/cycland.fr\/en\/de\/reparatur\/#primaryimage\",\"url\":\"https:\/\/cycland.fr\/en\/wp-content\/uploads\/2022\/02\/reparation-de-velo-ile-de-re.jpg\",\"contentUrl\":\"https:\/\/cycland.fr\/en\/wp-content\/uploads\/2022\/02\/reparation-de-velo-ile-de-re.jpg\",\"width\":1920,\"height\":1080},{\"@type\":\"BreadcrumbList\",\"@id\":\"https:\/\/cycland.fr\/en\/de\/reparatur\/#breadcrumb\",\"itemListElement\":[{\"@type\":\"ListItem\",\"position\":1,\"name\":\"Home\",\"item\":\"https:\/\/cycland.fr\/en\/home\/\"},{\"@type\":\"ListItem\",\"position\":2,\"name\":\"REPARATUR\"}]},{\"@type\":\"WebSite\",\"@id\":\"https:\/\/cycland.fr\/en\/#website\",\"url\":\"https:\/\/cycland.fr\/en\/\",\"name\":\"CYCLAND english version\",\"description\":\"Cycland, bicycle rental specialist on Ile de R\u00e9\",\"publisher\":{\"@id\":\"https:\/\/cycland.fr\/en\/#organization\"},\"potentialAction\":[{\"@type\":\"SearchAction\",\"target\":{\"@type\":\"EntryPoint\",\"urlTemplate\":\"https:\/\/cycland.fr\/en\/?s={search_term_string}\"},\"query-input\":{\"@type\":\"PropertyValueSpecification\",\"valueRequired\":true,\"valueName\":\"search_term_string\"}}],\"inLanguage\":\"de\"},{\"@type\":\"Organization\",\"@id\":\"https:\/\/cycland.fr\/en\/#organization\",\"name\":\"CYCLAND\",\"url\":\"https:\/\/cycland.fr\/en\/\",\"logo\":{\"@type\":\"ImageObject\",\"inLanguage\":\"de\",\"@id\":\"https:\/\/cycland.fr\/en\/#\/schema\/logo\/image\/\",\"url\":\"https:\/\/cycland.fr\/en\/wp-content\/uploads\/2022\/01\/logo-cycland-site_.png\",\"contentUrl\":\"https:\/\/cycland.fr\/en\/wp-content\/uploads\/2022\/01\/logo-cycland-site_.png\",\"width\":900,\"height\":300,\"caption\":\"CYCLAND\"},\"image\":{\"@id\":\"https:\/\/cycland.fr\/en\/#\/schema\/logo\/image\/\"}}]}<\/script>\n<!-- \/ Yoast SEO plugin. -->","yoast_head_json":{"title":"Fahrradreparatur | Insel R\u00e9 | Cycland","description":"Cycland ist auf der gesamten Insel R\u00e9 vertreten und bietet Ihnen einen kostenlosen Reparaturservice f\u00fcr Ihre Fahrr\u00e4der in einer seiner 9 Verleihstellen.","robots":{"index":"index","follow":"follow","max-snippet":"max-snippet:-1","max-image-preview":"max-image-preview:large","max-video-preview":"max-video-preview:-1"},"canonical":"https:\/\/cycland.fr\/en\/de\/reparatur\/","og_locale":"de_DE","og_type":"article","og_title":"Fahrradreparatur | Insel R\u00e9 | Cycland","og_description":"Cycland ist auf der gesamten Insel R\u00e9 vertreten und bietet Ihnen einen kostenlosen Reparaturservice f\u00fcr Ihre Fahrr\u00e4der in einer seiner 9 Verleihstellen.","og_url":"https:\/\/cycland.fr\/en\/de\/reparatur\/","og_site_name":"CYCLAND english version","article_modified_time":"2023-07-24T09:36:32+00:00","og_image":[{"width":1920,"height":1080,"url":"https:\/\/cycland.fr\/en\/wp-content\/uploads\/2022\/02\/reparation-de-velo-ile-de-re.jpg","type":"image\/jpeg"}],"twitter_card":"summary_large_image","twitter_misc":{"Gesch\u00e4tzte Lesezeit":"4\u00a0Minuten"},"schema":{"@context":"https:\/\/schema.org","@graph":[{"@type":"WebPage","@id":"https:\/\/cycland.fr\/en\/de\/reparatur\/","url":"https:\/\/cycland.fr\/en\/de\/reparatur\/","name":"Fahrradreparatur | Insel R\u00e9 | Cycland","isPartOf":{"@id":"https:\/\/cycland.fr\/en\/#website"},"primaryImageOfPage":{"@id":"https:\/\/cycland.fr\/en\/de\/reparatur\/#primaryimage"},"image":{"@id":"https:\/\/cycland.fr\/en\/de\/reparatur\/#primaryimage"},"thumbnailUrl":"https:\/\/cycland.fr\/en\/wp-content\/uploads\/2022\/02\/reparation-de-velo-ile-de-re.jpg","datePublished":"2022-01-07T10:28:31+00:00","dateModified":"2023-07-24T09:36:32+00:00","description":"Cycland ist auf der gesamten Insel R\u00e9 vertreten und bietet Ihnen einen kostenlosen Reparaturservice f\u00fcr Ihre Fahrr\u00e4der in einer seiner 9 Verleihstellen.","breadcrumb":{"@id":"https:\/\/cycland.fr\/en\/de\/reparatur\/#breadcrumb"},"inLanguage":"de","potentialAction":[{"@type":"ReadAction","target":["https:\/\/cycland.fr\/en\/de\/reparatur\/"]}]},{"@type":"ImageObject","inLanguage":"de","@id":"https:\/\/cycland.fr\/en\/de\/reparatur\/#primaryimage","url":"https:\/\/cycland.fr\/en\/wp-content\/uploads\/2022\/02\/reparation-de-velo-ile-de-re.jpg","contentUrl":"https:\/\/cycland.fr\/en\/wp-content\/uploads\/2022\/02\/reparation-de-velo-ile-de-re.jpg","width":1920,"height":1080},{"@type":"BreadcrumbList","@id":"https:\/\/cycland.fr\/en\/de\/reparatur\/#breadcrumb","itemListElement":[{"@type":"ListItem","position":1,"name":"Home","item":"https:\/\/cycland.fr\/en\/home\/"},{"@type":"ListItem","position":2,"name":"REPARATUR"}]},{"@type":"WebSite","@id":"https:\/\/cycland.fr\/en\/#website","url":"https:\/\/cycland.fr\/en\/","name":"CYCLAND english version","description":"Cycland, bicycle rental specialist on Ile de R\u00e9","publisher":{"@id":"https:\/\/cycland.fr\/en\/#organization"},"potentialAction":[{"@type":"SearchAction","target":{"@type":"EntryPoint","urlTemplate":"https:\/\/cycland.fr\/en\/?s={search_term_string}"},"query-input":{"@type":"PropertyValueSpecification","valueRequired":true,"valueName":"search_term_string"}}],"inLanguage":"de"},{"@type":"Organization","@id":"https:\/\/cycland.fr\/en\/#organization","name":"CYCLAND","url":"https:\/\/cycland.fr\/en\/","logo":{"@type":"ImageObject","inLanguage":"de","@id":"https:\/\/cycland.fr\/en\/#\/schema\/logo\/image\/","url":"https:\/\/cycland.fr\/en\/wp-content\/uploads\/2022\/01\/logo-cycland-site_.png","contentUrl":"https:\/\/cycland.fr\/en\/wp-content\/uploads\/2022\/01\/logo-cycland-site_.png","width":900,"height":300,"caption":"CYCLAND"},"image":{"@id":"https:\/\/cycland.fr\/en\/#\/schema\/logo\/image\/"}}]}},"_links":{"self":[{"href":"https:\/\/cycland.fr\/en\/de\/wp-json\/wp\/v2\/pages\/60205","targetHints":{"allow":["GET"]}}],"collection":[{"href":"https:\/\/cycland.fr\/en\/de\/wp-json\/wp\/v2\/pages"}],"about":[{"href":"https:\/\/cycland.fr\/en\/de\/wp-json\/wp\/v2\/types\/page"}],"author":[{"embeddable":true,"href":"https:\/\/cycland.fr\/en\/de\/wp-json\/wp\/v2\/users\/1"}],"replies":[{"embeddable":true,"href":"https:\/\/cycland.fr\/en\/de\/wp-json\/wp\/v2\/comments?post=60205"}],"version-history":[{"count":2,"href":"https:\/\/cycland.fr\/en\/de\/wp-json\/wp\/v2\/pages\/60205\/revisions"}],"predecessor-version":[{"id":60343,"href":"https:\/\/cycland.fr\/en\/de\/wp-json\/wp\/v2\/pages\/60205\/revisions\/60343"}],"wp:featuredmedia":[{"embeddable":true,"href":"https:\/\/cycland.fr\/en\/de\/wp-json\/wp\/v2\/media\/60097"}],"wp:attachment":[{"href":"https:\/\/cycland.fr\/en\/de\/wp-json\/wp\/v2\/media?parent=60205"}],"curies":[{"name":"wp","href":"https:\/\/api.w.org\/{rel}","templated":true}]}}